{"id":29,"date":"2017-02-28T13:20:04","date_gmt":"2017-02-28T13:20:04","guid":{"rendered":"http:\/\/veronicademo.devclick.uk\/?page_id=29"},"modified":"2023-11-07T22:36:06","modified_gmt":"2023-11-07T21:36:06","slug":"reathletisation","status":"publish","type":"page","link":"https:\/\/www.roazhonkinesport.fr\/index.php\/services\/reathletisation\/","title":{"rendered":"R\u00e9athl\u00e9tisation"},"content":{"rendered":"<div id=\"pl-29\"  class=\"panel-layout\" ><div id=\"pg-29-0\"  class=\"panel-grid panel-has-style\" ><div data-overlay-color=\"#000000\" class=\"panel-row-style panel-row-style-for-29-0\" ><div id=\"pgc-29-0-0\"  class=\"panel-grid-cell\" ><div id=\"panel-29-0-0-0\" class=\"so-panel widget widget_black-studio-tinymce widget_black_studio_tinymce panel-first-child panel-last-child\" data-index=\"0\" ><div class=\"textwidget\"><p><img loading=\"lazy\" decoding=\"async\" class=\"alignnone size-large wp-image-364\" src=\"https:\/\/www.roazhonkinesport.fr\/wp-content\/uploads\/2018\/10\/Copie-de-DSC_0441-1024x683.jpg\" alt=\"\" width=\"640\" height=\"427\" srcset=\"https:\/\/www.roazhonkinesport.fr\/wp-content\/uploads\/2018\/10\/Copie-de-DSC_0441-1024x683.jpg 1024w, https:\/\/www.roazhonkinesport.fr\/wp-content\/uploads\/2018\/10\/Copie-de-DSC_0441-300x200.jpg 300w, https:\/\/www.roazhonkinesport.fr\/wp-content\/uploads\/2018\/10\/Copie-de-DSC_0441-768x512.jpg 768w, https:\/\/www.roazhonkinesport.fr\/wp-content\/uploads\/2018\/10\/Copie-de-DSC_0441-1050x700.jpg 1050w, https:\/\/www.roazhonkinesport.fr\/wp-content\/uploads\/2018\/10\/Copie-de-DSC_0441-975x650.jpg 975w, https:\/\/www.roazhonkinesport.fr\/wp-content\/uploads\/2018\/10\/Copie-de-DSC_0441-585x390.jpg 585w, https:\/\/www.roazhonkinesport.fr\/wp-content\/uploads\/2018\/10\/Copie-de-DSC_0441-390x260.jpg 390w\" sizes=\"auto, (max-width: 640px) 100vw, 640px\" \/><\/p>\n<\/div><\/div><\/div><\/div><\/div><div id=\"pg-29-1\"  class=\"panel-grid panel-has-style\" ><div data-overlay-color=\"#000000\" class=\"panel-row-style panel-row-style-for-29-1\" ><div id=\"pgc-29-1-0\"  class=\"panel-grid-cell\" ><div id=\"panel-29-1-0-0\" class=\"so-panel widget widget_black-studio-tinymce widget_black_studio_tinymce panel-first-child panel-last-child\" data-index=\"1\" ><h3 class=\"widget-title\">R\u00e9athl\u00e9tisation<\/h3><div class=\"textwidget\"><p><span style=\"font-weight: 400;\">Nous proposons pour les fins de traitement, des s\u00e9ances de r\u00e9athl\u00e9tisation en ext\u00e9rieur avec diff\u00e9rents th\u00e8mes selon l\u2019int\u00e9r\u00eat du patient (vitesse, pivots, frappe \u2026).<\/span><\/p>\n<p><span style=\"font-weight: 400;\">Une bonne r\u00e9\u00e9ducation doit normalement obligatoirement se terminer par des s\u00e9ances en ext\u00e9rieur, de reprise terrain afin de reprendre le sport en toute s\u00e9curit\u00e9.<\/span><\/p>\n<p><span style=\"font-weight: 400;\">Ces s\u00e9ances durent une heure minimum et se font par petit groupe de trois ou quatre, selon votre niveau, pathologie et date de blessure.<\/span><\/p>\n<\/div><\/div><\/div><\/div><\/div><div id=\"pg-29-2\"  class=\"panel-grid panel-has-style\" ><div data-overlay-color=\"#000000\" class=\"panel-row-style panel-row-style-for-29-2\" ><div id=\"pgc-29-2-0\"  class=\"panel-grid-cell\" ><div id=\"panel-29-2-0-0\" class=\"so-panel widget widget_black-studio-tinymce widget_black_studio_tinymce panel-first-child panel-last-child\" data-index=\"2\" ><h3 class=\"widget-title\">Autres types de soins<\/h3><div class=\"textwidget\"><\/div><\/div><\/div><\/div><\/div><div id=\"pg-29-3\"  class=\"panel-grid panel-has-style\" ><div data-overlay-color=\"#000000\" class=\"panel-row-style panel-row-style-for-29-3\" ><div id=\"pgc-29-3-0\"  class=\"panel-grid-cell\" ><div id=\"panel-29-3-0-0\" class=\"so-panel widget widget_dc_featured_page devclick-featured-page panel-first-child panel-last-child\" data-index=\"3\" >\n\t\t\t<article class=\"featured-page featured-page-style-one\">\n\n\t\t\t\t\t\t\t\t\t<a href=\"https:\/\/www.roazhonkinesport.fr\/index.php\/services\/performance-sportive\/\" class=\"featured-page-image\">\n\t\t\t\t\t\t<img decoding=\"async\" src=\"https:\/\/www.roazhonkinesport.fr\/wp-content\/uploads\/2023\/11\/PXL_20230503_055639820-1-347x260.jpg\" srcset=\"https:\/\/www.roazhonkinesport.fr\/wp-content\/uploads\/2023\/11\/PXL_20230503_055639820-1-867x650.jpg 1024w, https:\/\/www.roazhonkinesport.fr\/wp-content\/uploads\/2023\/11\/PXL_20230503_055639820-1-520x390.jpg 640w, https:\/\/www.roazhonkinesport.fr\/wp-content\/uploads\/2023\/11\/PXL_20230503_055639820-1-347x260.jpg 320w\" sizes=\"(min-width: 992px) 40vw, 110vw\" alt=\"\">\n\t\t\t\t\t<\/a>\n\t\t\t\t\n\t\t\t\t<div class=\"featured-page-inner text-left\">\n\n\t\t\t\t\t<h3>\n\t\t\t\t\t\t<a href=\"https:\/\/www.roazhonkinesport.fr\/index.php\/services\/performance-sportive\/\">Performance sportive<\/a>\n\t\t\t\t\t<\/h3>\n\n\t\t\t\t\t\t\t\t\t\t\t<p>Comment am\u00e9liorer ses performances sans se blesser .... ?<\/p>\n\t\t\t\t\t\n\t\t\t\t\t\t\t\t\t\t\t<a href=\"https:\/\/www.roazhonkinesport.fr\/index.php\/services\/performance-sportive\/\" class=\"featured-page-link\">Read More<\/a>\n\t\t\t\t\t\n\t\t\t\t<\/div><!-- .featured-page-inner -->\n\n\t\t\t<\/article><!-- .featured-page -->\n\n\t\t<\/div><\/div><div id=\"pgc-29-3-1\"  class=\"panel-grid-cell\" ><div id=\"panel-29-3-1-0\" class=\"so-panel widget widget_dc_featured_page devclick-featured-page panel-first-child panel-last-child\" data-index=\"4\" >\n\t\t\t<article class=\"featured-page featured-page-style-one\">\n\n\t\t\t\t\t\t\t\t\t<a href=\"https:\/\/www.roazhonkinesport.fr\/index.php\/services\/protocole-recuperation\/\" class=\"featured-page-image\">\n\t\t\t\t\t\t<img decoding=\"async\" src=\"https:\/\/www.roazhonkinesport.fr\/wp-content\/uploads\/2018\/10\/4-390x260.jpg\" srcset=\"https:\/\/www.roazhonkinesport.fr\/wp-content\/uploads\/2018\/10\/4-975x650.jpg 1024w, https:\/\/www.roazhonkinesport.fr\/wp-content\/uploads\/2018\/10\/4-585x390.jpg 640w, https:\/\/www.roazhonkinesport.fr\/wp-content\/uploads\/2018\/10\/4-390x260.jpg 320w\" sizes=\"(min-width: 992px) 40vw, 110vw\" alt=\"\">\n\t\t\t\t\t<\/a>\n\t\t\t\t\n\t\t\t\t<div class=\"featured-page-inner text-left\">\n\n\t\t\t\t\t<h3>\n\t\t\t\t\t\t<a href=\"https:\/\/www.roazhonkinesport.fr\/index.php\/services\/protocole-recuperation\/\">Protocole de r\u00e9cup\u00e9ration<\/a>\n\t\t\t\t\t<\/h3>\n\n\t\t\t\t\t\t\t\t\t\t\t<p>Bien r\u00e9cup\u00e9rer, c&#039;est bien jouer !!!<\/p>\n\t\t\t\t\t\n\t\t\t\t\t\t\t\t\t\t\t<a href=\"https:\/\/www.roazhonkinesport.fr\/index.php\/services\/protocole-recuperation\/\" class=\"featured-page-link\">Read More<\/a>\n\t\t\t\t\t\n\t\t\t\t<\/div><!-- .featured-page-inner -->\n\n\t\t\t<\/article><!-- .featured-page -->\n\n\t\t<\/div><\/div><\/div><\/div><\/div>","protected":false},"excerpt":{"rendered":"<p>Phase ultime et n\u00e9cessaire avant la reprise du sport &#8230; <\/p>\n","protected":false},"author":1,"featured_media":540,"parent":19,"menu_order":0,"comment_status":"closed","ping_status":"closed","template":"","meta":{"footnotes":""},"class_list":["post-29","page","type-page","status-publish","has-post-thumbnail","hentry"],"_links":{"self":[{"href":"https:\/\/www.roazhonkinesport.fr\/index.php\/wp-json\/wp\/v2\/pages\/29","targetHints":{"allow":["GET"]}}],"collection":[{"href":"https:\/\/www.roazhonkinesport.fr\/index.php\/wp-json\/wp\/v2\/pages"}],"about":[{"href":"https:\/\/www.roazhonkinesport.fr\/index.php\/wp-json\/wp\/v2\/types\/page"}],"author":[{"embeddable":true,"href":"https:\/\/www.roazhonkinesport.fr\/index.php\/wp-json\/wp\/v2\/users\/1"}],"replies":[{"embeddable":true,"href":"https:\/\/www.roazhonkinesport.fr\/index.php\/wp-json\/wp\/v2\/comments?post=29"}],"version-history":[{"count":14,"href":"https:\/\/www.roazhonkinesport.fr\/index.php\/wp-json\/wp\/v2\/pages\/29\/revisions"}],"predecessor-version":[{"id":544,"href":"https:\/\/www.roazhonkinesport.fr\/index.php\/wp-json\/wp\/v2\/pages\/29\/revisions\/544"}],"up":[{"embeddable":true,"href":"https:\/\/www.roazhonkinesport.fr\/index.php\/wp-json\/wp\/v2\/pages\/19"}],"wp:featuredmedia":[{"embeddable":true,"href":"https:\/\/www.roazhonkinesport.fr\/index.php\/wp-json\/wp\/v2\/media\/540"}],"wp:attachment":[{"href":"https:\/\/www.roazhonkinesport.fr\/index.php\/wp-json\/wp\/v2\/media?parent=29"}],"curies":[{"name":"wp","href":"https:\/\/api.w.org\/{rel}","templated":true}]}}