{"id":23,"date":"2017-02-28T13:19:11","date_gmt":"2017-02-28T13:19:11","guid":{"rendered":"http:\/\/veronicademo.devclick.uk\/?page_id=23"},"modified":"2018-10-18T18:14:52","modified_gmt":"2018-10-18T16:14:52","slug":"reeducations-post-operatoires","status":"publish","type":"page","link":"https:\/\/www.roazhonkinesport.fr\/index.php\/services\/reeducations-post-operatoires\/","title":{"rendered":"R\u00e9\u00e9ducations post-op\u00e9ratoires"},"content":{"rendered":"<div id=\"pl-23\"  class=\"panel-layout\" ><div id=\"pg-23-0\"  class=\"panel-grid panel-has-style\" ><div data-overlay-color=\"#000000\" class=\"panel-row-style panel-row-style-for-23-0\" ><div id=\"pgc-23-0-0\"  class=\"panel-grid-cell\" ><div id=\"panel-23-0-0-0\" class=\"so-panel widget widget_black-studio-tinymce widget_black_studio_tinymce panel-first-child panel-last-child\" data-index=\"0\" ><div class=\"textwidget\"><p><img loading=\"lazy\" decoding=\"async\" class=\"alignnone size-large wp-image-345\" src=\"https:\/\/www.roazhonkinesport.fr\/wp-content\/uploads\/2018\/10\/4-1024x683.jpg\" alt=\"\" width=\"640\" height=\"427\" srcset=\"https:\/\/www.roazhonkinesport.fr\/wp-content\/uploads\/2018\/10\/4-1024x683.jpg 1024w, https:\/\/www.roazhonkinesport.fr\/wp-content\/uploads\/2018\/10\/4-300x200.jpg 300w, https:\/\/www.roazhonkinesport.fr\/wp-content\/uploads\/2018\/10\/4-768x512.jpg 768w, https:\/\/www.roazhonkinesport.fr\/wp-content\/uploads\/2018\/10\/4-1050x700.jpg 1050w, https:\/\/www.roazhonkinesport.fr\/wp-content\/uploads\/2018\/10\/4-975x650.jpg 975w, https:\/\/www.roazhonkinesport.fr\/wp-content\/uploads\/2018\/10\/4-585x390.jpg 585w, https:\/\/www.roazhonkinesport.fr\/wp-content\/uploads\/2018\/10\/4-390x260.jpg 390w\" sizes=\"auto, (max-width: 640px) 100vw, 640px\" \/><\/p>\n<\/div><\/div><\/div><\/div><\/div><div id=\"pg-23-1\"  class=\"panel-grid panel-has-style\" ><div data-overlay-color=\"#000000\" class=\"panel-row-style panel-row-style-for-23-1\" ><div id=\"pgc-23-1-0\"  class=\"panel-grid-cell\" ><div id=\"panel-23-1-0-0\" class=\"so-panel widget widget_black-studio-tinymce widget_black_studio_tinymce panel-first-child panel-last-child\" data-index=\"1\" ><h3 class=\"widget-title\">R\u00e9\u00e9ducations post op\u00e9ratoires<\/h3><div class=\"textwidget\"><p>Du bloc op\u00e9ratoire \u00e0 la reprise de votre activit\u00e9 sportive, nous vous accompagnons tout au long de votre r\u00e9\u00e9ducation. Dans le respect de protocoles chirurgicaux et travaillant en lien avec les \u00e9quipes chirurgicales, nous vous proposons une prise en charge individualis\u00e9e avec<\/p>\n<ul>\n<li>travail manuel<\/li>\n<li>physioth\u00e9rapie<\/li>\n<li>r\u00e9cup\u00e9ration articulaire<\/li>\n<li>renforcement musculaire<\/li>\n<li>r\u00e9athl\u00e9tisation<\/li>\n<li>reprise d'activit\u00e9<\/li>\n<\/ul>\n<\/div><\/div><\/div><\/div><\/div><div id=\"pg-23-2\"  class=\"panel-grid panel-has-style\" ><div data-overlay-color=\"#000000\" class=\"panel-row-style panel-row-style-for-23-2\" ><div id=\"pgc-23-2-0\"  class=\"panel-grid-cell\" ><div id=\"panel-23-2-0-0\" class=\"so-panel widget widget_black-studio-tinymce widget_black_studio_tinymce panel-first-child panel-last-child\" data-index=\"2\" ><h3 class=\"widget-title\">Autres types de soins<\/h3><div class=\"textwidget\"><\/div><\/div><\/div><\/div><\/div><div id=\"pg-23-3\"  class=\"panel-grid panel-has-style\" ><div data-overlay-color=\"#000000\" class=\"panel-row-style panel-row-style-for-23-3\" ><div id=\"pgc-23-3-0\"  class=\"panel-grid-cell\" ><div id=\"panel-23-3-0-0\" class=\"so-panel widget widget_dc_featured_page devclick-featured-page panel-first-child panel-last-child\" data-index=\"3\" >\n\t\t\t<article class=\"featured-page featured-page-style-one\">\n\n\t\t\t\t\t\t\t\t\t<a href=\"https:\/\/www.roazhonkinesport.fr\/index.php\/services\/reathletisation\/\" class=\"featured-page-image\">\n\t\t\t\t\t\t<img decoding=\"async\" src=\"https:\/\/www.roazhonkinesport.fr\/wp-content\/uploads\/2023\/11\/PXL_20230503_055558302-347x260.jpg\" srcset=\"https:\/\/www.roazhonkinesport.fr\/wp-content\/uploads\/2023\/11\/PXL_20230503_055558302-867x650.jpg 1024w, https:\/\/www.roazhonkinesport.fr\/wp-content\/uploads\/2023\/11\/PXL_20230503_055558302-520x390.jpg 640w, https:\/\/www.roazhonkinesport.fr\/wp-content\/uploads\/2023\/11\/PXL_20230503_055558302-347x260.jpg 320w\" sizes=\"(min-width: 992px) 40vw, 110vw\" alt=\"\">\n\t\t\t\t\t<\/a>\n\t\t\t\t\n\t\t\t\t<div class=\"featured-page-inner text-left\">\n\n\t\t\t\t\t<h3>\n\t\t\t\t\t\t<a href=\"https:\/\/www.roazhonkinesport.fr\/index.php\/services\/reathletisation\/\">R\u00e9athl\u00e9tisation<\/a>\n\t\t\t\t\t<\/h3>\n\n\t\t\t\t\t\t\t\t\t\t\t<p>Phase ultime et n\u00e9cessaire avant la reprise du sport ... <\/p>\n\t\t\t\t\t\n\t\t\t\t\t\t\t\t\t\t\t<a href=\"https:\/\/www.roazhonkinesport.fr\/index.php\/services\/reathletisation\/\" class=\"featured-page-link\">Read More<\/a>\n\t\t\t\t\t\n\t\t\t\t<\/div><!-- .featured-page-inner -->\n\n\t\t\t<\/article><!-- .featured-page -->\n\n\t\t<\/div><\/div><div id=\"pgc-23-3-1\"  class=\"panel-grid-cell\" ><div id=\"panel-23-3-1-0\" class=\"so-panel widget widget_dc_featured_page devclick-featured-page panel-first-child panel-last-child\" data-index=\"4\" >\n\t\t\t<article class=\"featured-page featured-page-style-one\">\n\n\t\t\t\t\t\t\t\t\t<a href=\"https:\/\/www.roazhonkinesport.fr\/index.php\/services\/pathologies-sportives\/\" class=\"featured-page-image\">\n\t\t\t\t\t\t<img decoding=\"async\" src=\"https:\/\/www.roazhonkinesport.fr\/wp-content\/uploads\/2023\/11\/PXL_20230503_055649973-347x260.jpg\" srcset=\"https:\/\/www.roazhonkinesport.fr\/wp-content\/uploads\/2023\/11\/PXL_20230503_055649973-867x650.jpg 1024w, https:\/\/www.roazhonkinesport.fr\/wp-content\/uploads\/2023\/11\/PXL_20230503_055649973-520x390.jpg 640w, https:\/\/www.roazhonkinesport.fr\/wp-content\/uploads\/2023\/11\/PXL_20230503_055649973-347x260.jpg 320w\" sizes=\"(min-width: 992px) 40vw, 110vw\" alt=\"\">\n\t\t\t\t\t<\/a>\n\t\t\t\t\n\t\t\t\t<div class=\"featured-page-inner text-left\">\n\n\t\t\t\t\t<h3>\n\t\t\t\t\t\t<a href=\"https:\/\/www.roazhonkinesport.fr\/index.php\/services\/pathologies-sportives\/\">Pathologies Sportives<\/a>\n\t\t\t\t\t<\/h3>\n\n\t\t\t\t\t\t\t\t\t\t\t<p>Aigues ou chroniques, membre sup\u00e9rieur ou inf\u00e9rieur ...<\/p>\n\t\t\t\t\t\n\t\t\t\t\t\t\t\t\t\t\t<a href=\"https:\/\/www.roazhonkinesport.fr\/index.php\/services\/pathologies-sportives\/\" class=\"featured-page-link\">Read More<\/a>\n\t\t\t\t\t\n\t\t\t\t<\/div><!-- .featured-page-inner -->\n\n\t\t\t<\/article><!-- .featured-page -->\n\n\t\t<\/div><\/div><\/div><\/div><\/div>","protected":false},"excerpt":{"rendered":"<p>Accompagnement tout le long de votre r\u00e9\u00e9ducation post-chirurgicale &#8230;<\/p>\n","protected":false},"author":1,"featured_media":369,"parent":19,"menu_order":0,"comment_status":"closed","ping_status":"closed","template":"","meta":{"footnotes":""},"class_list":["post-23","page","type-page","status-publish","has-post-thumbnail","hentry"],"_links":{"self":[{"href":"https:\/\/www.roazhonkinesport.fr\/index.php\/wp-json\/wp\/v2\/pages\/23","targetHints":{"allow":["GET"]}}],"collection":[{"href":"https:\/\/www.roazhonkinesport.fr\/index.php\/wp-json\/wp\/v2\/pages"}],"about":[{"href":"https:\/\/www.roazhonkinesport.fr\/index.php\/wp-json\/wp\/v2\/types\/page"}],"author":[{"embeddable":true,"href":"https:\/\/www.roazhonkinesport.fr\/index.php\/wp-json\/wp\/v2\/users\/1"}],"replies":[{"embeddable":true,"href":"https:\/\/www.roazhonkinesport.fr\/index.php\/wp-json\/wp\/v2\/comments?post=23"}],"version-history":[{"count":16,"href":"https:\/\/www.roazhonkinesport.fr\/index.php\/wp-json\/wp\/v2\/pages\/23\/revisions"}],"predecessor-version":[{"id":390,"href":"https:\/\/www.roazhonkinesport.fr\/index.php\/wp-json\/wp\/v2\/pages\/23\/revisions\/390"}],"up":[{"embeddable":true,"href":"https:\/\/www.roazhonkinesport.fr\/index.php\/wp-json\/wp\/v2\/pages\/19"}],"wp:featuredmedia":[{"embeddable":true,"href":"https:\/\/www.roazhonkinesport.fr\/index.php\/wp-json\/wp\/v2\/media\/369"}],"wp:attachment":[{"href":"https:\/\/www.roazhonkinesport.fr\/index.php\/wp-json\/wp\/v2\/media?parent=23"}],"curies":[{"name":"wp","href":"https:\/\/api.w.org\/{rel}","templated":true}]}}