{"id":21,"date":"2017-02-28T13:18:56","date_gmt":"2017-02-28T13:18:56","guid":{"rendered":"http:\/\/veronicademo.devclick.uk\/?page_id=21"},"modified":"2023-11-07T22:38:31","modified_gmt":"2023-11-07T21:38:31","slug":"pathologies-sportives","status":"publish","type":"page","link":"https:\/\/www.roazhonkinesport.fr\/index.php\/services\/pathologies-sportives\/","title":{"rendered":"Pathologies Sportives"},"content":{"rendered":"<div id=\"pl-21\"  class=\"panel-layout\" ><div id=\"pg-21-0\"  class=\"panel-grid panel-has-style\" ><div data-overlay-color=\"#000000\" class=\"panel-row-style panel-row-style-for-21-0\" ><div id=\"pgc-21-0-0\"  class=\"panel-grid-cell\" ><div id=\"panel-21-0-0-0\" class=\"so-panel widget widget_black-studio-tinymce widget_black_studio_tinymce panel-first-child panel-last-child\" data-index=\"0\" ><div class=\"textwidget\"><p><img loading=\"lazy\" decoding=\"async\" class=\"alignnone size-large wp-image-361\" src=\"https:\/\/www.roazhonkinesport.fr\/wp-content\/uploads\/2018\/10\/Copie-de-IMG-20181014-WA0020-e1539807396772-1024x683.jpg\" alt=\"\" width=\"640\" height=\"427\" srcset=\"https:\/\/www.roazhonkinesport.fr\/wp-content\/uploads\/2018\/10\/Copie-de-IMG-20181014-WA0020-e1539807396772-1024x683.jpg 1024w, https:\/\/www.roazhonkinesport.fr\/wp-content\/uploads\/2018\/10\/Copie-de-IMG-20181014-WA0020-e1539807396772-300x200.jpg 300w, https:\/\/www.roazhonkinesport.fr\/wp-content\/uploads\/2018\/10\/Copie-de-IMG-20181014-WA0020-e1539807396772-768x512.jpg 768w, https:\/\/www.roazhonkinesport.fr\/wp-content\/uploads\/2018\/10\/Copie-de-IMG-20181014-WA0020-e1539807396772-1050x700.jpg 1050w, https:\/\/www.roazhonkinesport.fr\/wp-content\/uploads\/2018\/10\/Copie-de-IMG-20181014-WA0020-e1539807396772-975x650.jpg 975w, https:\/\/www.roazhonkinesport.fr\/wp-content\/uploads\/2018\/10\/Copie-de-IMG-20181014-WA0020-e1539807396772-585x390.jpg 585w, https:\/\/www.roazhonkinesport.fr\/wp-content\/uploads\/2018\/10\/Copie-de-IMG-20181014-WA0020-e1539807396772-390x260.jpg 390w, https:\/\/www.roazhonkinesport.fr\/wp-content\/uploads\/2018\/10\/Copie-de-IMG-20181014-WA0020-e1539807396772.jpg 1596w\" sizes=\"auto, (max-width: 640px) 100vw, 640px\" \/><\/p>\n<\/div><\/div><\/div><\/div><\/div><div id=\"pg-21-1\"  class=\"panel-grid panel-has-style\" ><div data-overlay-color=\"#000000\" class=\"panel-row-style panel-row-style-for-21-1\" ><div id=\"pgc-21-1-0\"  class=\"panel-grid-cell\" ><div id=\"panel-21-1-0-0\" class=\"so-panel widget widget_black-studio-tinymce widget_black_studio_tinymce panel-first-child panel-last-child\" data-index=\"1\" ><h3 class=\"widget-title\">Pathologies Sportives<\/h3><div class=\"textwidget\"><p>Nous prenons en charge les pathologies li\u00e9es \u00e0 un traumatisme sportif, aigu ou chronique:<\/p>\n<ul>\n<li>L\u00e9sions osseuses : fractures, fractures de stress,...<\/li>\n<li>L\u00e9sions articulaires : luxations, sub-luxations, l\u00e9sions m\u00e9niscales,...<\/li>\n<li>L\u00e9sions ligamentaires : entorses de b\u00e9nignes \u00e0 grave<\/li>\n<li>L\u00e9sions tendineuses : tendinopathies chroniques ou aigues, ruptures,...<\/li>\n<li>L\u00e9sions musculaires : l\u00e9sions myo-apon\u00e9vrotiques<\/li>\n<\/ul>\n<\/div><\/div><\/div><\/div><\/div><div id=\"pg-21-2\"  class=\"panel-grid panel-has-style\" ><div data-overlay-color=\"#000000\" class=\"panel-row-style panel-row-style-for-21-2\" ><div id=\"pgc-21-2-0\"  class=\"panel-grid-cell\" ><div id=\"panel-21-2-0-0\" class=\"so-panel widget widget_black-studio-tinymce widget_black_studio_tinymce panel-first-child panel-last-child\" data-index=\"2\" ><h3 class=\"widget-title\">Autres types de soins<\/h3><div class=\"textwidget\"><\/div><\/div><\/div><\/div><\/div><div id=\"pg-21-3\"  class=\"panel-grid panel-has-style\" ><div data-overlay-color=\"#000000\" class=\"panel-row-style panel-row-style-for-21-3\" ><div id=\"pgc-21-3-0\"  class=\"panel-grid-cell\" ><div id=\"panel-21-3-0-0\" class=\"so-panel widget widget_dc_featured_page devclick-featured-page panel-first-child panel-last-child\" data-index=\"3\" >\n\t\t\t<article class=\"featured-page featured-page-style-one\">\n\n\t\t\t\t\t\t\t\t\t<a href=\"https:\/\/www.roazhonkinesport.fr\/index.php\/services\/analyse-course-pied\/\" class=\"featured-page-image\">\n\t\t\t\t\t\t<img decoding=\"async\" src=\"https:\/\/www.roazhonkinesport.fr\/wp-content\/uploads\/2018\/10\/Copie-de-DSC00158-391x260.jpg\" srcset=\"https:\/\/www.roazhonkinesport.fr\/wp-content\/uploads\/2018\/10\/Copie-de-DSC00158-978x650.jpg 1024w, https:\/\/www.roazhonkinesport.fr\/wp-content\/uploads\/2018\/10\/Copie-de-DSC00158-587x390.jpg 640w, https:\/\/www.roazhonkinesport.fr\/wp-content\/uploads\/2018\/10\/Copie-de-DSC00158-391x260.jpg 320w\" sizes=\"(min-width: 992px) 40vw, 110vw\" alt=\"\">\n\t\t\t\t\t<\/a>\n\t\t\t\t\n\t\t\t\t<div class=\"featured-page-inner text-left\">\n\n\t\t\t\t\t<h3>\n\t\t\t\t\t\t<a href=\"https:\/\/www.roazhonkinesport.fr\/index.php\/services\/analyse-course-pied\/\">Analyse de la course \u00e0 pied<\/a>\n\t\t\t\t\t<\/h3>\n\n\t\t\t\t\t\t\t\t\t\t\t<p>D\u00e9butant ou aguerri ? \r\nBless\u00e9 ou \u00e0 la recherche de performance ? ....<\/p>\n\t\t\t\t\t\n\t\t\t\t\t\t\t\t\t\t\t<a href=\"https:\/\/www.roazhonkinesport.fr\/index.php\/services\/analyse-course-pied\/\" class=\"featured-page-link\">Read More<\/a>\n\t\t\t\t\t\n\t\t\t\t<\/div><!-- .featured-page-inner -->\n\n\t\t\t<\/article><!-- .featured-page -->\n\n\t\t<\/div><\/div><div id=\"pgc-21-3-1\"  class=\"panel-grid-cell\" ><div id=\"panel-21-3-1-0\" class=\"so-panel widget widget_dc_featured_page devclick-featured-page panel-first-child panel-last-child\" data-index=\"4\" >\n\t\t\t<article class=\"featured-page featured-page-style-one\">\n\n\t\t\t\t\t\t\t\t\t<a href=\"https:\/\/www.roazhonkinesport.fr\/index.php\/services\/protocole-recuperation\/\" class=\"featured-page-image\">\n\t\t\t\t\t\t<img decoding=\"async\" src=\"https:\/\/www.roazhonkinesport.fr\/wp-content\/uploads\/2018\/10\/4-390x260.jpg\" srcset=\"https:\/\/www.roazhonkinesport.fr\/wp-content\/uploads\/2018\/10\/4-975x650.jpg 1024w, https:\/\/www.roazhonkinesport.fr\/wp-content\/uploads\/2018\/10\/4-585x390.jpg 640w, https:\/\/www.roazhonkinesport.fr\/wp-content\/uploads\/2018\/10\/4-390x260.jpg 320w\" sizes=\"(min-width: 992px) 40vw, 110vw\" alt=\"\">\n\t\t\t\t\t<\/a>\n\t\t\t\t\n\t\t\t\t<div class=\"featured-page-inner text-left\">\n\n\t\t\t\t\t<h3>\n\t\t\t\t\t\t<a href=\"https:\/\/www.roazhonkinesport.fr\/index.php\/services\/protocole-recuperation\/\">Protocole de r\u00e9cup\u00e9ration<\/a>\n\t\t\t\t\t<\/h3>\n\n\t\t\t\t\t\t\t\t\t\t\t<p>Bien r\u00e9cup\u00e9rer, c&#039;est bien jouer !!!<\/p>\n\t\t\t\t\t\n\t\t\t\t\t\t\t\t\t\t\t<a href=\"https:\/\/www.roazhonkinesport.fr\/index.php\/services\/protocole-recuperation\/\" class=\"featured-page-link\">Read More<\/a>\n\t\t\t\t\t\n\t\t\t\t<\/div><!-- .featured-page-inner -->\n\n\t\t\t<\/article><!-- .featured-page -->\n\n\t\t<\/div><\/div><\/div><\/div><\/div>","protected":false},"excerpt":{"rendered":"<p>Aigues ou chroniques, membre sup\u00e9rieur ou inf\u00e9rieur &#8230;<\/p>\n","protected":false},"author":1,"featured_media":549,"parent":19,"menu_order":0,"comment_status":"closed","ping_status":"closed","template":"","meta":{"footnotes":""},"class_list":["post-21","page","type-page","status-publish","has-post-thumbnail","hentry"],"_links":{"self":[{"href":"https:\/\/www.roazhonkinesport.fr\/index.php\/wp-json\/wp\/v2\/pages\/21","targetHints":{"allow":["GET"]}}],"collection":[{"href":"https:\/\/www.roazhonkinesport.fr\/index.php\/wp-json\/wp\/v2\/pages"}],"about":[{"href":"https:\/\/www.roazhonkinesport.fr\/index.php\/wp-json\/wp\/v2\/types\/page"}],"author":[{"embeddable":true,"href":"https:\/\/www.roazhonkinesport.fr\/index.php\/wp-json\/wp\/v2\/users\/1"}],"replies":[{"embeddable":true,"href":"https:\/\/www.roazhonkinesport.fr\/index.php\/wp-json\/wp\/v2\/comments?post=21"}],"version-history":[{"count":12,"href":"https:\/\/www.roazhonkinesport.fr\/index.php\/wp-json\/wp\/v2\/pages\/21\/revisions"}],"predecessor-version":[{"id":551,"href":"https:\/\/www.roazhonkinesport.fr\/index.php\/wp-json\/wp\/v2\/pages\/21\/revisions\/551"}],"up":[{"embeddable":true,"href":"https:\/\/www.roazhonkinesport.fr\/index.php\/wp-json\/wp\/v2\/pages\/19"}],"wp:featuredmedia":[{"embeddable":true,"href":"https:\/\/www.roazhonkinesport.fr\/index.php\/wp-json\/wp\/v2\/media\/549"}],"wp:attachment":[{"href":"https:\/\/www.roazhonkinesport.fr\/index.php\/wp-json\/wp\/v2\/media?parent=21"}],"curies":[{"name":"wp","href":"https:\/\/api.w.org\/{rel}","templated":true}]}}