{"id":11,"date":"2017-02-28T13:10:41","date_gmt":"2017-02-28T13:10:41","guid":{"rendered":"http:\/\/veronicademo.devclick.uk\/?page_id=11"},"modified":"2018-10-29T11:27:58","modified_gmt":"2018-10-29T10:27:58","slug":"notre-cabinet","status":"publish","type":"page","link":"https:\/\/www.roazhonkinesport.fr\/index.php\/notre-cabinet\/","title":{"rendered":"Notre cabinet"},"content":{"rendered":"<div id=\"pl-11\"  class=\"panel-layout\" ><div id=\"pg-11-0\"  class=\"panel-grid panel-has-style\" ><div data-overlay-color=\"#000000\" class=\"panel-row-style panel-row-style-for-11-0\" ><div id=\"pgc-11-0-0\"  class=\"panel-grid-cell\" ><div id=\"panel-11-0-0-0\" class=\"so-panel widget widget_black-studio-tinymce widget_black_studio_tinymce panel-first-child panel-last-child\" data-index=\"0\" ><div class=\"panel-widget-style panel-widget-style-for-11-0-0-0\" ><h3 class=\"widget-title\">Les ondes de choc<\/h3><div class=\"textwidget\"><p>Les ondes de choc radiales sont produites par une impulsion pneumatique qui cr\u00e9e un mouvement balistique.<br \/>\nCette onde sera transmise aux tissus en contact. On l'applique par l'interm\u00e9diaire d'une pi\u00e8ce \u00e0 main l\u00e9g\u00e8re et maniable, plac\u00e9e directement au contact de la peau \u00e0 l'endroit de la l\u00e9sion.<\/p>\n<p>Elles sont indiqu\u00e9es pour le traitement :<br \/>\n* Des tendinopathies chroniques du cors du tendon, en particulier tendon d'Achille, rotulien, apon\u00e9vorsite plantaire qui repr\u00e9sentent les meilleures indications<br \/>\n* Autres tendinopathies possibles : \u00e9picondylite, \u00e9pitrochl\u00e9it\u00e9<br \/>\n* Fibroses musculaires apr\u00e8s accidents musculaires<\/p>\n<p>&nbsp;<\/p>\n<\/div><\/div><\/div><\/div><div id=\"pgc-11-0-1\"  class=\"panel-grid-cell\" ><div id=\"panel-11-0-1-0\" class=\"so-panel widget widget_black-studio-tinymce widget_black_studio_tinymce panel-first-child panel-last-child\" data-index=\"1\" ><div class=\"panel-widget-style panel-widget-style-for-11-0-1-0\" ><div class=\"textwidget\"><img loading=\"lazy\" decoding=\"async\" class=\"alignnone wp-image-420 size-large\" src=\"https:\/\/www.roazhonkinesport.fr\/wp-content\/uploads\/2018\/10\/1-3-e1540226936379-1024x585.jpg\" alt=\"\" width=\"640\" height=\"366\" srcset=\"https:\/\/www.roazhonkinesport.fr\/wp-content\/uploads\/2018\/10\/1-3-e1540226936379-1024x585.jpg 1024w, https:\/\/www.roazhonkinesport.fr\/wp-content\/uploads\/2018\/10\/1-3-e1540226936379-300x171.jpg 300w, https:\/\/www.roazhonkinesport.fr\/wp-content\/uploads\/2018\/10\/1-3-e1540226936379-768x439.jpg 768w, https:\/\/www.roazhonkinesport.fr\/wp-content\/uploads\/2018\/10\/1-3-e1540226936379-1170x669.jpg 1170w, https:\/\/www.roazhonkinesport.fr\/wp-content\/uploads\/2018\/10\/1-3-e1540226936379-1138x650.jpg 1138w, https:\/\/www.roazhonkinesport.fr\/wp-content\/uploads\/2018\/10\/1-3-e1540226936379-683x390.jpg 683w, https:\/\/www.roazhonkinesport.fr\/wp-content\/uploads\/2018\/10\/1-3-e1540226936379-455x260.jpg 455w, https:\/\/www.roazhonkinesport.fr\/wp-content\/uploads\/2018\/10\/1-3-e1540226936379.jpg 1400w\" sizes=\"auto, (max-width: 640px) 100vw, 640px\" \/><\/div><\/div><\/div><\/div><\/div><\/div><div id=\"pg-11-1\"  class=\"panel-grid panel-has-style\" ><div data-overlay-color=\"#000000\" class=\"panel-row-style panel-row-style-for-11-1\" ><div id=\"pgc-11-1-0\"  class=\"panel-grid-cell\" ><div id=\"panel-11-1-0-0\" class=\"so-panel widget widget_black-studio-tinymce widget_black_studio_tinymce panel-first-child panel-last-child\" data-index=\"2\" ><div class=\"panel-widget-style panel-widget-style-for-11-1-0-0\" ><div class=\"textwidget\"><img loading=\"lazy\" decoding=\"async\" class=\"alignnone wp-image-430 size-large\" src=\"https:\/\/www.roazhonkinesport.fr\/wp-content\/uploads\/2018\/10\/DSC_1906-e1540227055414-1024x772.jpg\" alt=\"\" width=\"640\" height=\"483\" srcset=\"https:\/\/www.roazhonkinesport.fr\/wp-content\/uploads\/2018\/10\/DSC_1906-e1540227055414-1024x772.jpg 1024w, https:\/\/www.roazhonkinesport.fr\/wp-content\/uploads\/2018\/10\/DSC_1906-e1540227055414-300x226.jpg 300w, https:\/\/www.roazhonkinesport.fr\/wp-content\/uploads\/2018\/10\/DSC_1906-e1540227055414-768x579.jpg 768w, https:\/\/www.roazhonkinesport.fr\/wp-content\/uploads\/2018\/10\/DSC_1906-e1540227055414-929x700.jpg 929w, https:\/\/www.roazhonkinesport.fr\/wp-content\/uploads\/2018\/10\/DSC_1906-e1540227055414-862x650.jpg 862w, https:\/\/www.roazhonkinesport.fr\/wp-content\/uploads\/2018\/10\/DSC_1906-e1540227055414-517x390.jpg 517w, https:\/\/www.roazhonkinesport.fr\/wp-content\/uploads\/2018\/10\/DSC_1906-e1540227055414-345x260.jpg 345w, https:\/\/www.roazhonkinesport.fr\/wp-content\/uploads\/2018\/10\/DSC_1906-e1540227055414.jpg 1401w\" sizes=\"auto, (max-width: 640px) 100vw, 640px\" \/><\/div><\/div><\/div><\/div><div id=\"pgc-11-1-1\"  class=\"panel-grid-cell\" ><div id=\"panel-11-1-1-0\" class=\"so-panel widget widget_black-studio-tinymce widget_black_studio_tinymce panel-first-child panel-last-child\" data-index=\"3\" ><div class=\"panel-widget-style panel-widget-style-for-11-1-1-0\" ><h3 class=\"widget-title\">La t\u00e9carth\u00e9rapie Winback<\/h3><div class=\"textwidget\"><p>La T\u00e9carth\u00e9rapie stimule les m\u00e9canismes naturels de cicatrisation et de r\u00e9cup\u00e9ration tissulaire de mani\u00e8re non-invasive.<\/p>\n<p>C'est une \u00e9nergie \u00e0 haute fr\u00e9quence, non invasive, qui mobilise les ions intra et extra-cellulaires \u00e0 une fr\u00e9quence qui augmente la perm\u00e9abilit\u00e9 membranaire et augmente le m\u00e9tabolisme cellulaire.<\/p>\n<p>Elle favorise la capacit\u00e9 naturelle du corps \u00e0 s'auto-r\u00e9parer et poss\u00e8de des propri\u00e9t\u00e9s antalgique ainsi qu\u2019anti-inflammatoire.<\/p>\n<\/div><\/div><\/div><\/div><\/div><\/div><div id=\"pg-11-2\"  class=\"panel-grid panel-has-style\" ><div data-overlay-color=\"#000000\" class=\"panel-row-style panel-row-style-for-11-2\" ><div id=\"pgc-11-2-0\"  class=\"panel-grid-cell\" ><div id=\"panel-11-2-0-0\" class=\"so-panel widget widget_black-studio-tinymce widget_black_studio_tinymce panel-first-child panel-last-child\" data-index=\"4\" ><div class=\"panel-widget-style panel-widget-style-for-11-2-0-0\" ><h3 class=\"widget-title\">Le Theragun<\/h3><div class=\"textwidget\"><p>Th\u00e9rapie par vibrations.<\/p>\n<p>Il permet notamment<\/p>\n<p>* L'activation et la stimulation musculaire<\/p>\n<p>* Le soulagement des douleurs et courbatures<\/p>\n<p>* Le passage au niveau sup\u00e9rieur en pr\u00e9paration et r\u00e9cup\u00e9ration !<\/p>\n<\/div><\/div><\/div><\/div><div id=\"pgc-11-2-1\"  class=\"panel-grid-cell\" ><div id=\"panel-11-2-1-0\" class=\"so-panel widget widget_black-studio-tinymce widget_black_studio_tinymce panel-first-child panel-last-child\" data-index=\"5\" ><div class=\"panel-widget-style panel-widget-style-for-11-2-1-0\" ><div class=\"textwidget\"><img loading=\"lazy\" decoding=\"async\" class=\"alignnone wp-image-422 size-large\" src=\"https:\/\/www.roazhonkinesport.fr\/wp-content\/uploads\/2018\/10\/3-1-e1540227131738-1024x584.jpg\" alt=\"\" width=\"640\" height=\"365\" srcset=\"https:\/\/www.roazhonkinesport.fr\/wp-content\/uploads\/2018\/10\/3-1-e1540227131738-1024x584.jpg 1024w, https:\/\/www.roazhonkinesport.fr\/wp-content\/uploads\/2018\/10\/3-1-e1540227131738-300x171.jpg 300w, https:\/\/www.roazhonkinesport.fr\/wp-content\/uploads\/2018\/10\/3-1-e1540227131738-768x438.jpg 768w, https:\/\/www.roazhonkinesport.fr\/wp-content\/uploads\/2018\/10\/3-1-e1540227131738-1170x667.jpg 1170w, https:\/\/www.roazhonkinesport.fr\/wp-content\/uploads\/2018\/10\/3-1-e1540227131738-1140x650.jpg 1140w, https:\/\/www.roazhonkinesport.fr\/wp-content\/uploads\/2018\/10\/3-1-e1540227131738-684x390.jpg 684w, https:\/\/www.roazhonkinesport.fr\/wp-content\/uploads\/2018\/10\/3-1-e1540227131738-456x260.jpg 456w, https:\/\/www.roazhonkinesport.fr\/wp-content\/uploads\/2018\/10\/3-1-e1540227131738.jpg 1396w\" sizes=\"auto, (max-width: 640px) 100vw, 640px\" \/><\/div><\/div><\/div><\/div><\/div><\/div><div id=\"pg-11-3\"  class=\"panel-grid panel-has-style\" ><div data-overlay-color=\"#000000\" class=\"panel-row-style panel-row-style-for-11-3\" ><div id=\"pgc-11-3-0\"  class=\"panel-grid-cell\" ><div id=\"panel-11-3-0-0\" class=\"so-panel widget widget_black-studio-tinymce widget_black_studio_tinymce panel-first-child panel-last-child\" data-index=\"6\" ><div class=\"panel-widget-style panel-widget-style-for-11-3-0-0\" ><div class=\"textwidget\"><img loading=\"lazy\" decoding=\"async\" class=\"alignnone wp-image-423 size-large\" src=\"https:\/\/www.roazhonkinesport.fr\/wp-content\/uploads\/2018\/10\/4-1-e1540227199587-1024x591.jpg\" alt=\"\" width=\"640\" height=\"369\" srcset=\"https:\/\/www.roazhonkinesport.fr\/wp-content\/uploads\/2018\/10\/4-1-e1540227199587-1024x591.jpg 1024w, https:\/\/www.roazhonkinesport.fr\/wp-content\/uploads\/2018\/10\/4-1-e1540227199587-300x173.jpg 300w, https:\/\/www.roazhonkinesport.fr\/wp-content\/uploads\/2018\/10\/4-1-e1540227199587-768x443.jpg 768w, https:\/\/www.roazhonkinesport.fr\/wp-content\/uploads\/2018\/10\/4-1-e1540227199587-1170x675.jpg 1170w, https:\/\/www.roazhonkinesport.fr\/wp-content\/uploads\/2018\/10\/4-1-e1540227199587-1126x650.jpg 1126w, https:\/\/www.roazhonkinesport.fr\/wp-content\/uploads\/2018\/10\/4-1-e1540227199587-676x390.jpg 676w, https:\/\/www.roazhonkinesport.fr\/wp-content\/uploads\/2018\/10\/4-1-e1540227199587-450x260.jpg 450w, https:\/\/www.roazhonkinesport.fr\/wp-content\/uploads\/2018\/10\/4-1-e1540227199587.jpg 1403w\" sizes=\"auto, (max-width: 640px) 100vw, 640px\" \/><\/div><\/div><\/div><\/div><div id=\"pgc-11-3-1\"  class=\"panel-grid-cell\" ><div id=\"panel-11-3-1-0\" class=\"so-panel widget widget_black-studio-tinymce widget_black_studio_tinymce panel-first-child panel-last-child\" data-index=\"7\" ><div class=\"panel-widget-style panel-widget-style-for-11-3-1-0\" ><h3 class=\"widget-title\">La cryoth\u00e9rapie Game Ready<\/h3><div class=\"textwidget\"><p>Le Game Ready est un syst\u00e8me de cryoth\u00e9rapie et de compression intermittente simultan\u00e9e;<\/p>\n<p>L'association du froid et de la compression dynamique permet notamment de :<br \/>\n*\u00a0<span class=\"principe_style1\">R\u00e9duire la douleur,<\/span>\u00a0les spasmes musculaires et les gonflements<br \/>\n*\u00a0<span class=\"principe_style1\">R\u00e9duire l'activit\u00e9 m\u00e9tabolique<\/span>\u00a0et la r\u00e9action inflammatoire et donc limiter la diffusion de la l\u00e9sion<br \/>\n*\u00a0<span class=\"principe_style1\">Reproduire les contractions musculaires<\/span>\u00a0et exercer un effet pompe sur l'\u0153d\u00e8me<br \/>\n*\u00a0<span class=\"principe_style1\">Stimuler la gu\u00e9rison<\/span>\u00a0des tissus<br \/>\n*\u00a0<span class=\"principe_style1\">Favoriser l'augmentation de la circulation sanguine<\/span>\u00a0et l'alimentation en oxyg\u00e8ne des tissus l\u00e9s\u00e9s<br \/>\n*\u00a0<span class=\"principe_style1\">Favoriser le r\u00e9tablissement du syst\u00e8me lymphatique<\/span>\u00a0de la zone l\u00e9s\u00e9e<\/p>\n<\/div><\/div><\/div><\/div><\/div><\/div><\/div>","protected":false},"excerpt":{"rendered":"<p>Les ondes de choc radiales sont produites par une impulsion pneumatique qui cr\u00e9e un mouvement balistique. Cette onde sera transmise aux tissus en contact. On l&rsquo;applique par l&rsquo;interm\u00e9diaire d&rsquo;une pi\u00e8ce \u00e0 main l\u00e9g\u00e8re et maniable, plac\u00e9e directement au contact de la peau \u00e0 l&rsquo;endroit de la l\u00e9sion. Elles sont indiqu\u00e9es pour le traitement : * [&hellip;]<\/p>\n","protected":false},"author":1,"featured_media":0,"parent":0,"menu_order":0,"comment_status":"closed","ping_status":"closed","template":"template-full-width.php","meta":{"footnotes":""},"class_list":["post-11","page","type-page","status-publish","hentry"],"_links":{"self":[{"href":"https:\/\/www.roazhonkinesport.fr\/index.php\/wp-json\/wp\/v2\/pages\/11","targetHints":{"allow":["GET"]}}],"collection":[{"href":"https:\/\/www.roazhonkinesport.fr\/index.php\/wp-json\/wp\/v2\/pages"}],"about":[{"href":"https:\/\/www.roazhonkinesport.fr\/index.php\/wp-json\/wp\/v2\/types\/page"}],"author":[{"embeddable":true,"href":"https:\/\/www.roazhonkinesport.fr\/index.php\/wp-json\/wp\/v2\/users\/1"}],"replies":[{"embeddable":true,"href":"https:\/\/www.roazhonkinesport.fr\/index.php\/wp-json\/wp\/v2\/comments?post=11"}],"version-history":[{"count":18,"href":"https:\/\/www.roazhonkinesport.fr\/index.php\/wp-json\/wp\/v2\/pages\/11\/revisions"}],"predecessor-version":[{"id":447,"href":"https:\/\/www.roazhonkinesport.fr\/index.php\/wp-json\/wp\/v2\/pages\/11\/revisions\/447"}],"wp:attachment":[{"href":"https:\/\/www.roazhonkinesport.fr\/index.php\/wp-json\/wp\/v2\/media?parent=11"}],"curies":[{"name":"wp","href":"https:\/\/api.w.org\/{rel}","templated":true}]}}